{"id":2,"date":"2025-01-15T17:25:51","date_gmt":"2025-01-15T17:25:51","guid":{"rendered":"https:\/\/shop.linpro.hu\/?page_id=2"},"modified":"2025-01-28T13:49:59","modified_gmt":"2025-01-28T13:49:59","slug":"sample-page","status":"publish","type":"page","link":"https:\/\/it-software.hu\/?page_id=2&lang=hu","title":{"rendered":"GYIK"},"content":{"rendered":"\n<blockquote class=\"wp-block-quote is-layout-flow wp-block-quote-is-layout-flow\">\n<p class=\"has-contrast-2-color has-text-color has-link-color has-large-font-size wp-elements-bf601499e4782be34e2e1f8797aa7771\"><em>&#8222;Ha nem \u00e9rtesz valamit, <strong>nyomban k\u00e9rdezd meg<\/strong>. Jobb r\u00f6gt\u00f6n, mint k\u00e9s\u0151bb \u00e9s valamikor.&#8221;<\/em><\/p>\n\n\n\n<p class=\"has-text-align-right has-medium-font-size\">Tar K\u00e1roly<\/p>\n<\/blockquote>\n\n\n\n<p class=\"has-contrast-2-color has-text-color has-link-color wp-elements-8e37b272944519dadee9a02402ca5873\"><strong>GYIK (Gyakran Ism\u00e9telt K\u00e9rd\u00e9sek) \u2013 IT Szaktan\u00e1csad\u00e1s<\/strong><\/p>\n\n\n\n<ol class=\"wp-block-list\">\n<li><strong>Mi az IT szaktan\u00e1csad\u00e1s c\u00e9lja?<\/strong><br>Az IT szaktan\u00e1csad\u00e1s c\u00e9lja, hogy seg\u00edtse a v\u00e1llalkoz\u00e1sokat informatikai rendszereik optimaliz\u00e1l\u00e1s\u00e1ban, hat\u00e9konys\u00e1guk n\u00f6vel\u00e9s\u00e9ben, valamint a leg\u00fajabb technol\u00f3giai megold\u00e1sok bevezet\u00e9s\u00e9ben.<\/li>\n\n\n\n<li><strong>Kiknek aj\u00e1nlott az IT szaktan\u00e1csad\u00e1s?<\/strong><br>Az IT szaktan\u00e1csad\u00e1s kis- \u00e9s k\u00f6z\u00e9pv\u00e1llalkoz\u00e1soknak, gyorsan n\u00f6vekv\u0151 c\u00e9geknek, valamint azoknak aj\u00e1nlott, akik digit\u00e1lis transzform\u00e1ci\u00f3t terveznek, vagy hat\u00e9konyabb\u00e1 szeretn\u00e9k tenni megl\u00e9v\u0151 rendszereiket.<\/li>\n\n\n\n<li><strong>Milyen el\u0151ny\u00f6ket ny\u00fajt az IT szaktan\u00e1csad\u00e1s?<\/strong>\n<ul class=\"wp-block-list\">\n<li>K\u00f6lts\u00e9gek optimaliz\u00e1l\u00e1sa \u00e9s \u00e1tl\u00e1that\u00f3s\u00e1g n\u00f6vel\u00e9se.<\/li>\n\n\n\n<li>Jobb informatikai biztons\u00e1g.<\/li>\n\n\n\n<li>Digit\u00e1lis megold\u00e1sok bevezet\u00e9se, amelyek n\u00f6velik a versenyk\u00e9pess\u00e9get.<\/li>\n\n\n\n<li>Szak\u00e9rt\u0151i t\u00e1mogat\u00e1s hossz\u00fa t\u00e1v\u00fa informatikai strat\u00e9gi\u00e1k kidolgoz\u00e1s\u00e1hoz.<\/li>\n<\/ul>\n<\/li>\n\n\n\n<li><strong>Milyen ter\u00fcleteken ny\u00fajtanak t\u00e1mogat\u00e1st az IT szaktan\u00e1csad\u00f3k?<\/strong>\n<ul class=\"wp-block-list\">\n<li>IT infrastrukt\u00fara \u00e9s h\u00e1l\u00f3zatok optimaliz\u00e1l\u00e1sa.<\/li>\n\n\n\n<li>IT biztons\u00e1gi megold\u00e1sok.<\/li>\n\n\n\n<li>Felh\u0151alap\u00fa szolg\u00e1ltat\u00e1sok bevezet\u00e9se.<\/li>\n\n\n\n<li>Egyedi szoftverfejleszt\u00e9s \u00e9s digitaliz\u00e1ci\u00f3s projektek.<\/li>\n<\/ul>\n<\/li>\n\n\n\n<li><strong>Hogyan t\u00f6rt\u00e9nik az IT szaktan\u00e1csad\u00e1s folyamata?<\/strong><br>Az IT szaktan\u00e1csad\u00e1s \u00e1ltal\u00e1ban az al\u00e1bbi l\u00e9p\u00e9sekb\u0151l \u00e1ll:\n<ul class=\"wp-block-list\">\n<li>Ig\u00e9nyfelm\u00e9r\u00e9s \u00e9s probl\u00e9m\u00e1k azonos\u00edt\u00e1sa.<\/li>\n\n\n\n<li>Javaslatok kidolgoz\u00e1sa az optim\u00e1lis megold\u00e1sokra.<\/li>\n\n\n\n<li>Implement\u00e1ci\u00f3s terv k\u00e9sz\u00edt\u00e9se \u00e9s megval\u00f3s\u00edt\u00e1sa.<\/li>\n\n\n\n<li>T\u00e1mogat\u00e1s \u00e9s folyamatos nyomon k\u00f6vet\u00e9s.<\/li>\n<\/ul>\n<\/li>\n\n\n\n<li><strong>Mennyi id\u0151t vesz ig\u00e9nybe az IT szaktan\u00e1csad\u00e1s?<\/strong><br>Ez a tan\u00e1csad\u00e1s konkr\u00e9t c\u00e9ljait\u00f3l \u00e9s a projekt bonyolults\u00e1g\u00e1t\u00f3l f\u00fcgg. Egyszer\u0171bb tan\u00e1csad\u00e1sok n\u00e9h\u00e1ny nap alatt lez\u00e1rhat\u00f3k, m\u00edg \u00f6sszetettebb projektek ak\u00e1r h\u00f3napokig is tarthatnak.<\/li>\n\n\n\n<li><strong>Milyen k\u00f6lts\u00e9gekkel j\u00e1r az IT szaktan\u00e1csad\u00e1s?<\/strong><br>A k\u00f6lts\u00e9gek a projekt m\u00e9ret\u00e9t\u0151l, \u00f6sszetetts\u00e9g\u00e9t\u0151l \u00e9s az ig\u00e9nyelt szolg\u00e1ltat\u00e1sokt\u00f3l f\u00fcggnek. R\u00e9szletes \u00e1raj\u00e1nlatot az ig\u00e9nyek pontos meghat\u00e1roz\u00e1sa ut\u00e1n adunk.<\/li>\n\n\n\n<li><strong>Hogyan kezdhetem el az IT szaktan\u00e1csad\u00e1st?<\/strong><br>Vegye fel vel\u00fcnk a kapcsolatot a <a href=\"#\">kapcsolati oldalon<\/a>, \u00e9s szak\u00e9rt\u0151ink hamarosan jelentkeznek egy ingyenes konzult\u00e1ci\u00f3 id\u0151pontj\u00e1nak egyeztet\u00e9se \u00e9rdek\u00e9ben.<\/li>\n<\/ol>\n\n\n\n<p class=\"has-contrast-2-color has-text-color has-link-color has-medium-font-size wp-elements-1e835bd83d8c4e36a002ebb9378758d6\"><strong>Ha tov\u00e1bbi k\u00e9rd\u00e9sei vannak, keressen minket bizalommal! \ud83d\ude0a<\/strong><\/p>\n","protected":false},"excerpt":{"rendered":"<p>&#8222;Ha nem \u00e9rtesz valamit, nyomban k\u00e9rdezd meg. Jobb r\u00f6gt\u00f6n, mint k\u00e9s\u0151bb \u00e9s valamikor.&#8221; Tar K\u00e1roly GYIK (Gyakran Ism\u00e9telt K\u00e9rd\u00e9sek) \u2013 IT Szaktan\u00e1csad\u00e1s Ha tov\u00e1bbi k\u00e9rd\u00e9sei vannak, keressen minket bizalommal! \ud83d\ude0a<\/p>\n","protected":false},"author":1,"featured_media":0,"parent":0,"menu_order":0,"comment_status":"closed","ping_status":"open","template":"","meta":{"footnotes":""},"class_list":["post-2","page","type-page","status-publish","hentry"],"yoast_head":"<!-- This site is optimized with the Yoast SEO plugin v25.6 - https:\/\/yoast.com\/wordpress\/plugins\/seo\/ -->\n<title>GYIK - IT-software<\/title>\n<meta name=\"robots\" content=\"index, follow, max-snippet:-1, max-image-preview:large, max-video-preview:-1\" \/>\n<link rel=\"canonical\" href=\"https:\/\/it-software.hu\/?page_id=2&lang=hu\" \/>\n<meta property=\"og:locale\" content=\"hu_HU\" \/>\n<meta property=\"og:type\" content=\"article\" \/>\n<meta property=\"og:title\" content=\"GYIK - IT-software\" \/>\n<meta property=\"og:description\" content=\"&#8222;Ha nem \u00e9rtesz valamit, nyomban k\u00e9rdezd meg. Jobb r\u00f6gt\u00f6n, mint k\u00e9s\u0151bb \u00e9s valamikor.&#8221; Tar K\u00e1roly GYIK (Gyakran Ism\u00e9telt K\u00e9rd\u00e9sek) \u2013 IT Szaktan\u00e1csad\u00e1s Ha tov\u00e1bbi k\u00e9rd\u00e9sei vannak, keressen minket bizalommal! \ud83d\ude0a\" \/>\n<meta property=\"og:url\" content=\"https:\/\/it-software.hu\/?page_id=2&amp;lang=hu\" \/>\n<meta property=\"og:site_name\" content=\"IT-software\" \/>\n<meta property=\"article:modified_time\" content=\"2025-01-28T13:49:59+00:00\" \/>\n<meta name=\"twitter:card\" content=\"summary_large_image\" \/>\n<meta name=\"twitter:label1\" content=\"Becs\u00fclt olvas\u00e1si id\u0151\" \/>\n\t<meta name=\"twitter:data1\" content=\"2 perc\" \/>\n<script type=\"application\/ld+json\" class=\"yoast-schema-graph\">{\"@context\":\"https:\/\/schema.org\",\"@graph\":[{\"@type\":\"WebPage\",\"@id\":\"https:\/\/it-software.hu\/?page_id=2&lang=hu\",\"url\":\"https:\/\/it-software.hu\/?page_id=2&lang=hu\",\"name\":\"GYIK - IT-software\",\"isPartOf\":{\"@id\":\"https:\/\/it-software.hu\/#website\"},\"datePublished\":\"2025-01-15T17:25:51+00:00\",\"dateModified\":\"2025-01-28T13:49:59+00:00\",\"breadcrumb\":{\"@id\":\"https:\/\/it-software.hu\/?page_id=2&lang=hu#breadcrumb\"},\"inLanguage\":\"hu\",\"potentialAction\":[{\"@type\":\"ReadAction\",\"target\":[\"https:\/\/it-software.hu\/?page_id=2&lang=hu\"]}]},{\"@type\":\"BreadcrumbList\",\"@id\":\"https:\/\/it-software.hu\/?page_id=2&lang=hu#breadcrumb\",\"itemListElement\":[{\"@type\":\"ListItem\",\"position\":1,\"name\":\"Kezd\u0151lap\",\"item\":\"https:\/\/it-software.hu\/\"},{\"@type\":\"ListItem\",\"position\":2,\"name\":\"GYIK\"}]},{\"@type\":\"WebSite\",\"@id\":\"https:\/\/it-software.hu\/#website\",\"url\":\"https:\/\/it-software.hu\/\",\"name\":\"IT-software\",\"description\":\"\",\"publisher\":{\"@id\":\"https:\/\/it-software.hu\/#organization\"},\"potentialAction\":[{\"@type\":\"SearchAction\",\"target\":{\"@type\":\"EntryPoint\",\"urlTemplate\":\"https:\/\/it-software.hu\/?s={search_term_string}\"},\"query-input\":{\"@type\":\"PropertyValueSpecification\",\"valueRequired\":true,\"valueName\":\"search_term_string\"}}],\"inLanguage\":\"hu\"},{\"@type\":\"Organization\",\"@id\":\"https:\/\/it-software.hu\/#organization\",\"name\":\"IT-software\",\"url\":\"https:\/\/it-software.hu\/\",\"logo\":{\"@type\":\"ImageObject\",\"inLanguage\":\"hu\",\"@id\":\"https:\/\/it-software.hu\/#\/schema\/logo\/image\/\",\"url\":\"https:\/\/it-software.hu\/wp-content\/uploads\/2025\/01\/it-softwarehu-high-resolution-logo-transparent-white.png\",\"contentUrl\":\"https:\/\/it-software.hu\/wp-content\/uploads\/2025\/01\/it-softwarehu-high-resolution-logo-transparent-white.png\",\"width\":2000,\"height\":2000,\"caption\":\"IT-software\"},\"image\":{\"@id\":\"https:\/\/it-software.hu\/#\/schema\/logo\/image\/\"}}]}<\/script>\n<!-- \/ Yoast SEO plugin. -->","yoast_head_json":{"title":"GYIK - IT-software","robots":{"index":"index","follow":"follow","max-snippet":"max-snippet:-1","max-image-preview":"max-image-preview:large","max-video-preview":"max-video-preview:-1"},"canonical":"https:\/\/it-software.hu\/?page_id=2&lang=hu","og_locale":"hu_HU","og_type":"article","og_title":"GYIK - IT-software","og_description":"&#8222;Ha nem \u00e9rtesz valamit, nyomban k\u00e9rdezd meg. Jobb r\u00f6gt\u00f6n, mint k\u00e9s\u0151bb \u00e9s valamikor.&#8221; Tar K\u00e1roly GYIK (Gyakran Ism\u00e9telt K\u00e9rd\u00e9sek) \u2013 IT Szaktan\u00e1csad\u00e1s Ha tov\u00e1bbi k\u00e9rd\u00e9sei vannak, keressen minket bizalommal! \ud83d\ude0a","og_url":"https:\/\/it-software.hu\/?page_id=2&lang=hu","og_site_name":"IT-software","article_modified_time":"2025-01-28T13:49:59+00:00","twitter_card":"summary_large_image","twitter_misc":{"Becs\u00fclt olvas\u00e1si id\u0151":"2 perc"},"schema":{"@context":"https:\/\/schema.org","@graph":[{"@type":"WebPage","@id":"https:\/\/it-software.hu\/?page_id=2&lang=hu","url":"https:\/\/it-software.hu\/?page_id=2&lang=hu","name":"GYIK - IT-software","isPartOf":{"@id":"https:\/\/it-software.hu\/#website"},"datePublished":"2025-01-15T17:25:51+00:00","dateModified":"2025-01-28T13:49:59+00:00","breadcrumb":{"@id":"https:\/\/it-software.hu\/?page_id=2&lang=hu#breadcrumb"},"inLanguage":"hu","potentialAction":[{"@type":"ReadAction","target":["https:\/\/it-software.hu\/?page_id=2&lang=hu"]}]},{"@type":"BreadcrumbList","@id":"https:\/\/it-software.hu\/?page_id=2&lang=hu#breadcrumb","itemListElement":[{"@type":"ListItem","position":1,"name":"Kezd\u0151lap","item":"https:\/\/it-software.hu\/"},{"@type":"ListItem","position":2,"name":"GYIK"}]},{"@type":"WebSite","@id":"https:\/\/it-software.hu\/#website","url":"https:\/\/it-software.hu\/","name":"IT-software","description":"","publisher":{"@id":"https:\/\/it-software.hu\/#organization"},"potentialAction":[{"@type":"SearchAction","target":{"@type":"EntryPoint","urlTemplate":"https:\/\/it-software.hu\/?s={search_term_string}"},"query-input":{"@type":"PropertyValueSpecification","valueRequired":true,"valueName":"search_term_string"}}],"inLanguage":"hu"},{"@type":"Organization","@id":"https:\/\/it-software.hu\/#organization","name":"IT-software","url":"https:\/\/it-software.hu\/","logo":{"@type":"ImageObject","inLanguage":"hu","@id":"https:\/\/it-software.hu\/#\/schema\/logo\/image\/","url":"https:\/\/it-software.hu\/wp-content\/uploads\/2025\/01\/it-softwarehu-high-resolution-logo-transparent-white.png","contentUrl":"https:\/\/it-software.hu\/wp-content\/uploads\/2025\/01\/it-softwarehu-high-resolution-logo-transparent-white.png","width":2000,"height":2000,"caption":"IT-software"},"image":{"@id":"https:\/\/it-software.hu\/#\/schema\/logo\/image\/"}}]}},"jetpack_sharing_enabled":true,"_links":{"self":[{"href":"https:\/\/it-software.hu\/index.php?rest_route=\/wp\/v2\/pages\/2","targetHints":{"allow":["GET"]}}],"collection":[{"href":"https:\/\/it-software.hu\/index.php?rest_route=\/wp\/v2\/pages"}],"about":[{"href":"https:\/\/it-software.hu\/index.php?rest_route=\/wp\/v2\/types\/page"}],"author":[{"embeddable":true,"href":"https:\/\/it-software.hu\/index.php?rest_route=\/wp\/v2\/users\/1"}],"replies":[{"embeddable":true,"href":"https:\/\/it-software.hu\/index.php?rest_route=%2Fwp%2Fv2%2Fcomments&post=2"}],"version-history":[{"count":3,"href":"https:\/\/it-software.hu\/index.php?rest_route=\/wp\/v2\/pages\/2\/revisions"}],"predecessor-version":[{"id":160,"href":"https:\/\/it-software.hu\/index.php?rest_route=\/wp\/v2\/pages\/2\/revisions\/160"}],"wp:attachment":[{"href":"https:\/\/it-software.hu\/index.php?rest_route=%2Fwp%2Fv2%2Fmedia&parent=2"}],"curies":[{"name":"wp","href":"https:\/\/api.w.org\/{rel}","templated":true}]}}