{"id":7,"date":"2025-01-15T17:31:38","date_gmt":"2025-01-15T17:31:38","guid":{"rendered":"https:\/\/shop.linpro.hu\/?page_id=7"},"modified":"2025-01-28T12:53:05","modified_gmt":"2025-01-28T12:53:05","slug":"kosar","status":"publish","type":"page","link":"https:\/\/it-software.hu\/?page_id=7&lang=hu","title":{"rendered":"Kos\u00e1r"},"content":{"rendered":"\n<div data-block-name=\"woocommerce\/cart\" class=\"wp-block-woocommerce-cart alignwide is-loading\">\n<div data-block-name=\"woocommerce\/filled-cart-block\" class=\"wp-block-woocommerce-filled-cart-block\">\n<div data-block-name=\"woocommerce\/cart-items-block\" class=\"wp-block-woocommerce-cart-items-block\">\n<div data-block-name=\"woocommerce\/cart-line-items-block\" class=\"wp-block-woocommerce-cart-line-items-block\"><\/div>\n\n\n\n<div data-block-name=\"woocommerce\/cart-cross-sells-block\" class=\"wp-block-woocommerce-cart-cross-sells-block\">\n<h2 class=\"wp-block-heading has-contrast-2-color has-text-color has-link-color has-large-font-size wp-elements-7fcc18be49aa95c0b1c3b3af09941d21\">Tal\u00e1n \u00e9rdekelhetnek ezek&#8230;<\/h2>\n\n\n\n<div data-block-name=\"woocommerce\/cart-cross-sells-products-block\" class=\"wp-block-woocommerce-cart-cross-sells-products-block\"><\/div>\n<\/div>\n<\/div>\n\n\n\n<div data-block-name=\"woocommerce\/cart-totals-block\" class=\"wp-block-woocommerce-cart-totals-block\">\n<div data-block-name=\"woocommerce\/cart-order-summary-block\" class=\"wp-block-woocommerce-cart-order-summary-block\">\n<div data-block-name=\"woocommerce\/cart-order-summary-heading-block\" data-content=\"Kos\u00e1r \u00f6sszesen\" class=\"wp-block-woocommerce-cart-order-summary-heading-block\"><\/div>\n\n\n\n<div data-block-name=\"woocommerce\/cart-order-summary-coupon-form-block\" class=\"wp-block-woocommerce-cart-order-summary-coupon-form-block\"><\/div>\n\n\n\n<div data-block-name=\"woocommerce\/cart-order-summary-totals-block\" class=\"wp-block-woocommerce-cart-order-summary-totals-block\">\n<div data-block-name=\"woocommerce\/cart-order-summary-subtotal-block\" class=\"wp-block-woocommerce-cart-order-summary-subtotal-block\"><\/div>\n\n\n\n<div data-block-name=\"woocommerce\/cart-order-summary-fee-block\" class=\"wp-block-woocommerce-cart-order-summary-fee-block\"><\/div>\n\n\n\n<div data-block-name=\"woocommerce\/cart-order-summary-discount-block\" class=\"wp-block-woocommerce-cart-order-summary-discount-block\"><\/div>\n\n\n\n<div data-block-name=\"woocommerce\/cart-order-summary-shipping-block\" class=\"wp-block-woocommerce-cart-order-summary-shipping-block\"><\/div>\n\n\n\n<div data-block-name=\"woocommerce\/cart-order-summary-taxes-block\" class=\"wp-block-woocommerce-cart-order-summary-taxes-block\"><\/div>\n<\/div>\n<\/div>\n\n\n\n<div data-block-name=\"woocommerce\/cart-express-payment-block\" class=\"wp-block-woocommerce-cart-express-payment-block\"><\/div>\n\n\n\n<div data-block-name=\"woocommerce\/proceed-to-checkout-block\" class=\"wp-block-woocommerce-proceed-to-checkout-block\"><\/div>\n\n\n\n<div data-block-name=\"woocommerce\/cart-accepted-payment-methods-block\" class=\"wp-block-woocommerce-cart-accepted-payment-methods-block\"><\/div>\n<\/div>\n<\/div>\n\n\n\n<div data-block-name=\"woocommerce\/empty-cart-block\" class=\"wp-block-woocommerce-empty-cart-block\">\n<h2 class=\"wp-block-heading has-text-align-center with-empty-cart-icon wc-block-cart__empty-cart__title\">Jelenleg \u00fcres a kosarad.<\/h2>\n\n\n\n<hr class=\"wp-block-separator has-alpha-channel-opacity is-style-dots\"\/>\n\n\n\n<h2 class=\"wp-block-heading has-text-align-center\">\u00dajdons\u00e1gok<\/h2>\n\n\n<div data-block-name=\"woocommerce\/product-new\" data-columns=\"4\" data-rows=\"1\" class=\"wc-block-grid wp-block-product-new wp-block-woocommerce-product-new wc-block-product-new has-4-columns\"><ul class=\"wc-block-grid__products\"><li class=\"wc-block-grid__product\">\n\t\t\t\t<a href=\"https:\/\/it-software.hu\/?product=halado-it-audit-es-tanacsadas-xxl\" class=\"wc-block-grid__product-link\">\n\t\t\t\t\t\n\t\t\t\t\t<div class=\"wc-block-grid__product-image\"><img loading=\"lazy\" decoding=\"async\" width=\"300\" height=\"300\" src=\"https:\/\/it-software.hu\/wp-content\/uploads\/2025\/01\/audit2-300x300.jpg\" class=\"attachment-woocommerce_thumbnail size-woocommerce_thumbnail\" alt=\"Halad\u00f3 IT Audit \u00e9s Tan\u00e1csad\u00e1s XXL\" srcset=\"https:\/\/it-software.hu\/wp-content\/uploads\/2025\/01\/audit2-300x300.jpg 300w, https:\/\/it-software.hu\/wp-content\/uploads\/2025\/01\/audit2-150x150.jpg 150w, https:\/\/it-software.hu\/wp-content\/uploads\/2025\/01\/audit2-100x100.jpg 100w\" sizes=\"auto, (max-width: 300px) 100vw, 300px\" \/><\/div>\n\t\t\t\t\t<div class=\"wc-block-grid__product-title\">Halad\u00f3 IT Audit \u00e9s Tan\u00e1csad\u00e1s XXL<\/div>\n\t\t\t\t<\/a>\n\t\t\t\t<div class=\"wc-block-grid__product-price price\"><span class=\"woocommerce-Price-amount amount\">480000&nbsp;<span class=\"woocommerce-Price-currencySymbol\">&#070;&#116;<\/span><\/span><\/div>\n\t\t\t\t\n\t\t\t\t<div class=\"wp-block-button wc-block-grid__product-add-to-cart\"><a href=\"?add-to-cart=100\" aria-label=\"Kos\u00e1rba: &ldquo;Halad\u00f3 IT Audit \u00e9s Tan\u00e1csad\u00e1s XXL&rdquo;\" data-quantity=\"1\" data-product_id=\"100\" data-product_sku=\"\" data-price=\"480000\" rel=\"nofollow\" class=\"wp-block-button__link wp-element-button add_to_cart_button ajax_add_to_cart\">Kos\u00e1rba teszem<\/a><\/div>\n\t\t\t<\/li><li class=\"wc-block-grid__product\">\n\t\t\t\t<a href=\"https:\/\/it-software.hu\/?product=halado-it-audit-es-tanacsadas-xl\" class=\"wc-block-grid__product-link\">\n\t\t\t\t\t\n\t\t\t\t\t<div class=\"wc-block-grid__product-image\"><img loading=\"lazy\" decoding=\"async\" width=\"300\" height=\"300\" src=\"https:\/\/it-software.hu\/wp-content\/uploads\/2025\/01\/auditttt-300x300.jpg\" class=\"attachment-woocommerce_thumbnail size-woocommerce_thumbnail\" alt=\"Halad\u00f3 IT Audit \u00e9s Tan\u00e1csad\u00e1s XL\" srcset=\"https:\/\/it-software.hu\/wp-content\/uploads\/2025\/01\/auditttt-300x300.jpg 300w, https:\/\/it-software.hu\/wp-content\/uploads\/2025\/01\/auditttt-150x150.jpg 150w, https:\/\/it-software.hu\/wp-content\/uploads\/2025\/01\/auditttt-100x100.jpg 100w\" sizes=\"auto, (max-width: 300px) 100vw, 300px\" \/><\/div>\n\t\t\t\t\t<div class=\"wc-block-grid__product-title\">Halad\u00f3 IT Audit \u00e9s Tan\u00e1csad\u00e1s XL<\/div>\n\t\t\t\t<\/a>\n\t\t\t\t<div class=\"wc-block-grid__product-price price\"><span class=\"woocommerce-Price-amount amount\">240000&nbsp;<span class=\"woocommerce-Price-currencySymbol\">&#070;&#116;<\/span><\/span><\/div>\n\t\t\t\t\n\t\t\t\t<div class=\"wp-block-button wc-block-grid__product-add-to-cart\"><a href=\"?add-to-cart=99\" aria-label=\"Kos\u00e1rba: &ldquo;Halad\u00f3 IT Audit \u00e9s Tan\u00e1csad\u00e1s XL&rdquo;\" data-quantity=\"1\" data-product_id=\"99\" data-product_sku=\"\" data-price=\"240000\" rel=\"nofollow\" class=\"wp-block-button__link wp-element-button add_to_cart_button ajax_add_to_cart\">Kos\u00e1rba teszem<\/a><\/div>\n\t\t\t<\/li><li class=\"wc-block-grid__product\">\n\t\t\t\t<a href=\"https:\/\/it-software.hu\/?product=alap-it-tanacsadasi-csomag-xxl\" class=\"wc-block-grid__product-link\">\n\t\t\t\t\t\n\t\t\t\t\t<div class=\"wc-block-grid__product-image\"><img loading=\"lazy\" decoding=\"async\" width=\"300\" height=\"300\" src=\"https:\/\/it-software.hu\/wp-content\/uploads\/2025\/01\/tanacs-1-300x300.jpg\" class=\"attachment-woocommerce_thumbnail size-woocommerce_thumbnail\" alt=\"Alap IT Tan\u00e1csad\u00e1si Csomag XXL\" srcset=\"https:\/\/it-software.hu\/wp-content\/uploads\/2025\/01\/tanacs-1-300x300.jpg 300w, https:\/\/it-software.hu\/wp-content\/uploads\/2025\/01\/tanacs-1-150x150.jpg 150w, https:\/\/it-software.hu\/wp-content\/uploads\/2025\/01\/tanacs-1-100x100.jpg 100w\" sizes=\"auto, (max-width: 300px) 100vw, 300px\" \/><\/div>\n\t\t\t\t\t<div class=\"wc-block-grid__product-title\">Alap IT Tan\u00e1csad\u00e1si Csomag XXL<\/div>\n\t\t\t\t<\/a>\n\t\t\t\t<div class=\"wc-block-grid__product-price price\"><span class=\"woocommerce-Price-amount amount\">120000&nbsp;<span class=\"woocommerce-Price-currencySymbol\">&#070;&#116;<\/span><\/span><\/div>\n\t\t\t\t\n\t\t\t\t<div class=\"wp-block-button wc-block-grid__product-add-to-cart\"><a href=\"?add-to-cart=97\" aria-label=\"Kos\u00e1rba: &ldquo;Alap IT Tan\u00e1csad\u00e1si Csomag XXL&rdquo;\" data-quantity=\"1\" data-product_id=\"97\" data-product_sku=\"\" data-price=\"120000\" rel=\"nofollow\" class=\"wp-block-button__link wp-element-button add_to_cart_button ajax_add_to_cart\">Kos\u00e1rba teszem<\/a><\/div>\n\t\t\t<\/li><li class=\"wc-block-grid__product\">\n\t\t\t\t<a href=\"https:\/\/it-software.hu\/?product=alap-it-tanacsadasi-csomag-xl\" class=\"wc-block-grid__product-link\">\n\t\t\t\t\t\n\t\t\t\t\t<div class=\"wc-block-grid__product-image\"><img loading=\"lazy\" decoding=\"async\" width=\"300\" height=\"300\" src=\"https:\/\/it-software.hu\/wp-content\/uploads\/2025\/01\/tanacs-2-300x300.jpg\" class=\"attachment-woocommerce_thumbnail size-woocommerce_thumbnail\" alt=\"Alap IT Tan\u00e1csad\u00e1si Csomag XL\" srcset=\"https:\/\/it-software.hu\/wp-content\/uploads\/2025\/01\/tanacs-2-300x300.jpg 300w, https:\/\/it-software.hu\/wp-content\/uploads\/2025\/01\/tanacs-2-150x150.jpg 150w, https:\/\/it-software.hu\/wp-content\/uploads\/2025\/01\/tanacs-2-100x100.jpg 100w\" sizes=\"auto, (max-width: 300px) 100vw, 300px\" \/><\/div>\n\t\t\t\t\t<div class=\"wc-block-grid__product-title\">Alap IT Tan\u00e1csad\u00e1si Csomag XL<\/div>\n\t\t\t\t<\/a>\n\t\t\t\t<div class=\"wc-block-grid__product-price price\"><span class=\"woocommerce-Price-amount amount\">60000&nbsp;<span class=\"woocommerce-Price-currencySymbol\">&#070;&#116;<\/span><\/span><\/div>\n\t\t\t\t\n\t\t\t\t<div class=\"wp-block-button wc-block-grid__product-add-to-cart\"><a href=\"?add-to-cart=96\" aria-label=\"Kos\u00e1rba: &ldquo;Alap IT Tan\u00e1csad\u00e1si Csomag XL&rdquo;\" data-quantity=\"1\" data-product_id=\"96\" data-product_sku=\"\" data-price=\"60000\" rel=\"nofollow\" class=\"wp-block-button__link wp-element-button add_to_cart_button ajax_add_to_cart\">Kos\u00e1rba teszem<\/a><\/div>\n\t\t\t<\/li><\/ul><\/div><\/div>\n<\/div>\n","protected":false},"excerpt":{"rendered":"","protected":false},"author":1,"featured_media":0,"parent":0,"menu_order":0,"comment_status":"closed","ping_status":"closed","template":"","meta":{"footnotes":""},"class_list":["post-7","page","type-page","status-publish","hentry"],"yoast_head":"<!-- This site is optimized with the Yoast SEO plugin v25.6 - https:\/\/yoast.com\/wordpress\/plugins\/seo\/ -->\n<title>Kos\u00e1r - IT-software<\/title>\n<meta name=\"robots\" content=\"index, follow, max-snippet:-1, max-image-preview:large, max-video-preview:-1\" \/>\n<link rel=\"canonical\" href=\"https:\/\/it-software.hu\/?page_id=7&lang=hu\" \/>\n<meta property=\"og:locale\" content=\"hu_HU\" \/>\n<meta property=\"og:type\" content=\"article\" \/>\n<meta property=\"og:title\" content=\"Kos\u00e1r - IT-software\" \/>\n<meta property=\"og:url\" content=\"https:\/\/it-software.hu\/?page_id=7&amp;lang=hu\" \/>\n<meta property=\"og:site_name\" content=\"IT-software\" \/>\n<meta property=\"article:modified_time\" content=\"2025-01-28T12:53:05+00:00\" \/>\n<meta name=\"twitter:card\" content=\"summary_large_image\" \/>\n<meta name=\"twitter:label1\" content=\"Becs\u00fclt olvas\u00e1si id\u0151\" \/>\n\t<meta name=\"twitter:data1\" content=\"1 perc\" \/>\n<script type=\"application\/ld+json\" class=\"yoast-schema-graph\">{\"@context\":\"https:\/\/schema.org\",\"@graph\":[{\"@type\":\"WebPage\",\"@id\":\"https:\/\/it-software.hu\/?page_id=7&lang=hu\",\"url\":\"https:\/\/it-software.hu\/?page_id=7&lang=hu\",\"name\":\"Kos\u00e1r - IT-software\",\"isPartOf\":{\"@id\":\"https:\/\/it-software.hu\/#website\"},\"datePublished\":\"2025-01-15T17:31:38+00:00\",\"dateModified\":\"2025-01-28T12:53:05+00:00\",\"breadcrumb\":{\"@id\":\"https:\/\/it-software.hu\/?page_id=7&lang=hu#breadcrumb\"},\"inLanguage\":\"hu\",\"potentialAction\":[{\"@type\":\"ReadAction\",\"target\":[\"https:\/\/it-software.hu\/?page_id=7&lang=hu\"]}]},{\"@type\":\"BreadcrumbList\",\"@id\":\"https:\/\/it-software.hu\/?page_id=7&lang=hu#breadcrumb\",\"itemListElement\":[{\"@type\":\"ListItem\",\"position\":1,\"name\":\"Kezd\u0151lap\",\"item\":\"https:\/\/it-software.hu\/\"},{\"@type\":\"ListItem\",\"position\":2,\"name\":\"Kos\u00e1r\"}]},{\"@type\":\"WebSite\",\"@id\":\"https:\/\/it-software.hu\/#website\",\"url\":\"https:\/\/it-software.hu\/\",\"name\":\"IT-software\",\"description\":\"\",\"publisher\":{\"@id\":\"https:\/\/it-software.hu\/#organization\"},\"potentialAction\":[{\"@type\":\"SearchAction\",\"target\":{\"@type\":\"EntryPoint\",\"urlTemplate\":\"https:\/\/it-software.hu\/?s={search_term_string}\"},\"query-input\":{\"@type\":\"PropertyValueSpecification\",\"valueRequired\":true,\"valueName\":\"search_term_string\"}}],\"inLanguage\":\"hu\"},{\"@type\":\"Organization\",\"@id\":\"https:\/\/it-software.hu\/#organization\",\"name\":\"IT-software\",\"url\":\"https:\/\/it-software.hu\/\",\"logo\":{\"@type\":\"ImageObject\",\"inLanguage\":\"hu\",\"@id\":\"https:\/\/it-software.hu\/#\/schema\/logo\/image\/\",\"url\":\"https:\/\/it-software.hu\/wp-content\/uploads\/2025\/01\/it-softwarehu-high-resolution-logo-transparent-white.png\",\"contentUrl\":\"https:\/\/it-software.hu\/wp-content\/uploads\/2025\/01\/it-softwarehu-high-resolution-logo-transparent-white.png\",\"width\":2000,\"height\":2000,\"caption\":\"IT-software\"},\"image\":{\"@id\":\"https:\/\/it-software.hu\/#\/schema\/logo\/image\/\"}}]}<\/script>\n<!-- \/ Yoast SEO plugin. -->","yoast_head_json":{"title":"Kos\u00e1r - IT-software","robots":{"index":"index","follow":"follow","max-snippet":"max-snippet:-1","max-image-preview":"max-image-preview:large","max-video-preview":"max-video-preview:-1"},"canonical":"https:\/\/it-software.hu\/?page_id=7&lang=hu","og_locale":"hu_HU","og_type":"article","og_title":"Kos\u00e1r - IT-software","og_url":"https:\/\/it-software.hu\/?page_id=7&lang=hu","og_site_name":"IT-software","article_modified_time":"2025-01-28T12:53:05+00:00","twitter_card":"summary_large_image","twitter_misc":{"Becs\u00fclt olvas\u00e1si id\u0151":"1 perc"},"schema":{"@context":"https:\/\/schema.org","@graph":[{"@type":"WebPage","@id":"https:\/\/it-software.hu\/?page_id=7&lang=hu","url":"https:\/\/it-software.hu\/?page_id=7&lang=hu","name":"Kos\u00e1r - IT-software","isPartOf":{"@id":"https:\/\/it-software.hu\/#website"},"datePublished":"2025-01-15T17:31:38+00:00","dateModified":"2025-01-28T12:53:05+00:00","breadcrumb":{"@id":"https:\/\/it-software.hu\/?page_id=7&lang=hu#breadcrumb"},"inLanguage":"hu","potentialAction":[{"@type":"ReadAction","target":["https:\/\/it-software.hu\/?page_id=7&lang=hu"]}]},{"@type":"BreadcrumbList","@id":"https:\/\/it-software.hu\/?page_id=7&lang=hu#breadcrumb","itemListElement":[{"@type":"ListItem","position":1,"name":"Kezd\u0151lap","item":"https:\/\/it-software.hu\/"},{"@type":"ListItem","position":2,"name":"Kos\u00e1r"}]},{"@type":"WebSite","@id":"https:\/\/it-software.hu\/#website","url":"https:\/\/it-software.hu\/","name":"IT-software","description":"","publisher":{"@id":"https:\/\/it-software.hu\/#organization"},"potentialAction":[{"@type":"SearchAction","target":{"@type":"EntryPoint","urlTemplate":"https:\/\/it-software.hu\/?s={search_term_string}"},"query-input":{"@type":"PropertyValueSpecification","valueRequired":true,"valueName":"search_term_string"}}],"inLanguage":"hu"},{"@type":"Organization","@id":"https:\/\/it-software.hu\/#organization","name":"IT-software","url":"https:\/\/it-software.hu\/","logo":{"@type":"ImageObject","inLanguage":"hu","@id":"https:\/\/it-software.hu\/#\/schema\/logo\/image\/","url":"https:\/\/it-software.hu\/wp-content\/uploads\/2025\/01\/it-softwarehu-high-resolution-logo-transparent-white.png","contentUrl":"https:\/\/it-software.hu\/wp-content\/uploads\/2025\/01\/it-softwarehu-high-resolution-logo-transparent-white.png","width":2000,"height":2000,"caption":"IT-software"},"image":{"@id":"https:\/\/it-software.hu\/#\/schema\/logo\/image\/"}}]}},"jetpack_sharing_enabled":true,"_links":{"self":[{"href":"https:\/\/it-software.hu\/index.php?rest_route=\/wp\/v2\/pages\/7","targetHints":{"allow":["GET"]}}],"collection":[{"href":"https:\/\/it-software.hu\/index.php?rest_route=\/wp\/v2\/pages"}],"about":[{"href":"https:\/\/it-software.hu\/index.php?rest_route=\/wp\/v2\/types\/page"}],"author":[{"embeddable":true,"href":"https:\/\/it-software.hu\/index.php?rest_route=\/wp\/v2\/users\/1"}],"replies":[{"embeddable":true,"href":"https:\/\/it-software.hu\/index.php?rest_route=%2Fwp%2Fv2%2Fcomments&post=7"}],"version-history":[{"count":2,"href":"https:\/\/it-software.hu\/index.php?rest_route=\/wp\/v2\/pages\/7\/revisions"}],"predecessor-version":[{"id":143,"href":"https:\/\/it-software.hu\/index.php?rest_route=\/wp\/v2\/pages\/7\/revisions\/143"}],"wp:attachment":[{"href":"https:\/\/it-software.hu\/index.php?rest_route=%2Fwp%2Fv2%2Fmedia&parent=7"}],"curies":[{"name":"wp","href":"https:\/\/api.w.org\/{rel}","templated":true}]}}