{"id":70,"date":"2025-01-16T09:19:00","date_gmt":"2025-01-16T09:19:00","guid":{"rendered":"https:\/\/shop.linpro.hu\/?product=hi-fi-headphones"},"modified":"2025-01-28T13:35:12","modified_gmt":"2025-01-28T13:35:12","slug":"hi-fi-headphones","status":"publish","type":"product","link":"https:\/\/it-software.hu\/?product=hi-fi-headphones","title":{"rendered":"Rendszergazdai fel\u00fcgyelet"},"content":{"rendered":"<p>Le\u00edr\u00e1s: Amennyiben szeretn\u00e9 biztons\u00e1gban tudni rendszereit \u00e9s mindig frissen, naprak\u00e9szen tudni azokat, \u00fagy rendszergazdai szolg\u00e1ltat\u00e1sunk t\u00f6k\u00e9letes sz\u00e1m\u00e1ra. Az alap\u00e1rban heti 4 \u00f3ra szolg\u00e1ltat\u00e1s v\u00e1s\u00e1rolhat\u00f3, t\u00f6bb \u00f3rasz\u00e1m ig\u00e9ny eset\u00e9n k\u00e9rj\u00fck \u00edrjon nek\u00fcnk!<\/p>\n","protected":false},"excerpt":{"rendered":"<p>Le\u00edr\u00e1s: Amennyiben szeretn\u00e9 biztons\u00e1gban tudni rendszereit \u00e9s mindig frissen, naprak\u00e9szen tudni azokat, \u00fagy rendszergazdai szolg\u00e1ltat\u00e1sunk t\u00f6k\u00e9letes sz\u00e1m\u00e1ra. Az alap\u00e1rban heti 4 \u00f3ra szolg\u00e1ltat\u00e1s v\u00e1s\u00e1rolhat\u00f3, t\u00f6bb \u00f3rasz\u00e1m ig\u00e9ny eset\u00e9n k\u00e9rj\u00fck \u00edrjon nek\u00fcnk!<\/p>\n","protected":false},"featured_media":151,"comment_status":"closed","ping_status":"closed","template":"","meta":[],"product_brand":[],"product_cat":[15,20],"product_tag":[],"class_list":{"0":"post-70","1":"product","2":"type-product","3":"status-publish","4":"has-post-thumbnail","6":"product_cat-egyeb","7":"product_cat-tanacsadas","9":"first","10":"instock","11":"shipping-taxable","12":"purchasable","13":"product-type-simple"},"yoast_head":"<!-- This site is optimized with the Yoast SEO plugin v25.6 - https:\/\/yoast.com\/wordpress\/plugins\/seo\/ -->\n<title>Rendszergazdai fel\u00fcgyelet - IT-software<\/title>\n<meta name=\"robots\" content=\"index, follow, max-snippet:-1, max-image-preview:large, max-video-preview:-1\" \/>\n<link rel=\"canonical\" href=\"https:\/\/it-software.hu\/?product=hi-fi-headphones\" \/>\n<meta property=\"og:locale\" content=\"hu_HU\" \/>\n<meta property=\"og:type\" content=\"article\" \/>\n<meta property=\"og:title\" content=\"Rendszergazdai fel\u00fcgyelet - IT-software\" \/>\n<meta property=\"og:description\" content=\"Le\u00edr\u00e1s: Amennyiben szeretn\u00e9 biztons\u00e1gban tudni rendszereit \u00e9s mindig frissen, naprak\u00e9szen tudni azokat, \u00fagy rendszergazdai szolg\u00e1ltat\u00e1sunk t\u00f6k\u00e9letes sz\u00e1m\u00e1ra. Az alap\u00e1rban heti 4 \u00f3ra szolg\u00e1ltat\u00e1s v\u00e1s\u00e1rolhat\u00f3, t\u00f6bb \u00f3rasz\u00e1m ig\u00e9ny eset\u00e9n k\u00e9rj\u00fck \u00edrjon nek\u00fcnk!\" \/>\n<meta property=\"og:url\" content=\"https:\/\/it-software.hu\/?product=hi-fi-headphones\" \/>\n<meta property=\"og:site_name\" content=\"IT-software\" \/>\n<meta property=\"article:modified_time\" content=\"2025-01-28T13:35:12+00:00\" \/>\n<meta property=\"og:image\" content=\"https:\/\/it-software.hu\/wp-content\/uploads\/2025\/01\/sysadmin-1024x683.jpg\" \/>\n\t<meta property=\"og:image:width\" content=\"1024\" \/>\n\t<meta property=\"og:image:height\" content=\"683\" \/>\n\t<meta property=\"og:image:type\" content=\"image\/jpeg\" \/>\n<meta name=\"twitter:card\" content=\"summary_large_image\" \/>\n<meta name=\"twitter:label1\" content=\"Becs\u00fclt olvas\u00e1si id\u0151\" \/>\n\t<meta name=\"twitter:data1\" content=\"1 perc\" \/>\n<script type=\"application\/ld+json\" class=\"yoast-schema-graph\">{\"@context\":\"https:\/\/schema.org\",\"@graph\":[{\"@type\":\"WebPage\",\"@id\":\"https:\/\/it-software.hu\/?product=hi-fi-headphones\",\"url\":\"https:\/\/it-software.hu\/?product=hi-fi-headphones\",\"name\":\"Rendszergazdai fel\u00fcgyelet - IT-software\",\"isPartOf\":{\"@id\":\"https:\/\/it-software.hu\/#website\"},\"primaryImageOfPage\":{\"@id\":\"https:\/\/it-software.hu\/?product=hi-fi-headphones#primaryimage\"},\"image\":{\"@id\":\"https:\/\/it-software.hu\/?product=hi-fi-headphones#primaryimage\"},\"thumbnailUrl\":\"https:\/\/it-software.hu\/wp-content\/uploads\/2025\/01\/sysadmin.jpg\",\"datePublished\":\"2025-01-16T09:19:00+00:00\",\"dateModified\":\"2025-01-28T13:35:12+00:00\",\"breadcrumb\":{\"@id\":\"https:\/\/it-software.hu\/?product=hi-fi-headphones#breadcrumb\"},\"inLanguage\":\"hu\",\"potentialAction\":[{\"@type\":\"ReadAction\",\"target\":[\"https:\/\/it-software.hu\/?product=hi-fi-headphones\"]}]},{\"@type\":\"ImageObject\",\"inLanguage\":\"hu\",\"@id\":\"https:\/\/it-software.hu\/?product=hi-fi-headphones#primaryimage\",\"url\":\"https:\/\/it-software.hu\/wp-content\/uploads\/2025\/01\/sysadmin.jpg\",\"contentUrl\":\"https:\/\/it-software.hu\/wp-content\/uploads\/2025\/01\/sysadmin.jpg\",\"width\":7690,\"height\":5129},{\"@type\":\"BreadcrumbList\",\"@id\":\"https:\/\/it-software.hu\/?product=hi-fi-headphones#breadcrumb\",\"itemListElement\":[{\"@type\":\"ListItem\",\"position\":1,\"name\":\"Kezd\u0151lap\",\"item\":\"https:\/\/it-software.hu\/\"},{\"@type\":\"ListItem\",\"position\":2,\"name\":\"Shop\",\"item\":\"https:\/\/it-software.hu\/?page_id=6&lang=hu\"},{\"@type\":\"ListItem\",\"position\":3,\"name\":\"Rendszergazdai fel\u00fcgyelet\"}]},{\"@type\":\"WebSite\",\"@id\":\"https:\/\/it-software.hu\/#website\",\"url\":\"https:\/\/it-software.hu\/\",\"name\":\"IT-software\",\"description\":\"\",\"publisher\":{\"@id\":\"https:\/\/it-software.hu\/#organization\"},\"potentialAction\":[{\"@type\":\"SearchAction\",\"target\":{\"@type\":\"EntryPoint\",\"urlTemplate\":\"https:\/\/it-software.hu\/?s={search_term_string}\"},\"query-input\":{\"@type\":\"PropertyValueSpecification\",\"valueRequired\":true,\"valueName\":\"search_term_string\"}}],\"inLanguage\":\"hu\"},{\"@type\":\"Organization\",\"@id\":\"https:\/\/it-software.hu\/#organization\",\"name\":\"IT-software\",\"url\":\"https:\/\/it-software.hu\/\",\"logo\":{\"@type\":\"ImageObject\",\"inLanguage\":\"hu\",\"@id\":\"https:\/\/it-software.hu\/#\/schema\/logo\/image\/\",\"url\":\"https:\/\/it-software.hu\/wp-content\/uploads\/2025\/01\/it-softwarehu-high-resolution-logo-transparent-white.png\",\"contentUrl\":\"https:\/\/it-software.hu\/wp-content\/uploads\/2025\/01\/it-softwarehu-high-resolution-logo-transparent-white.png\",\"width\":2000,\"height\":2000,\"caption\":\"IT-software\"},\"image\":{\"@id\":\"https:\/\/it-software.hu\/#\/schema\/logo\/image\/\"}}]}<\/script>\n<!-- \/ Yoast SEO plugin. -->","yoast_head_json":{"title":"Rendszergazdai fel\u00fcgyelet - IT-software","robots":{"index":"index","follow":"follow","max-snippet":"max-snippet:-1","max-image-preview":"max-image-preview:large","max-video-preview":"max-video-preview:-1"},"canonical":"https:\/\/it-software.hu\/?product=hi-fi-headphones","og_locale":"hu_HU","og_type":"article","og_title":"Rendszergazdai fel\u00fcgyelet - IT-software","og_description":"Le\u00edr\u00e1s: Amennyiben szeretn\u00e9 biztons\u00e1gban tudni rendszereit \u00e9s mindig frissen, naprak\u00e9szen tudni azokat, \u00fagy rendszergazdai szolg\u00e1ltat\u00e1sunk t\u00f6k\u00e9letes sz\u00e1m\u00e1ra. Az alap\u00e1rban heti 4 \u00f3ra szolg\u00e1ltat\u00e1s v\u00e1s\u00e1rolhat\u00f3, t\u00f6bb \u00f3rasz\u00e1m ig\u00e9ny eset\u00e9n k\u00e9rj\u00fck \u00edrjon nek\u00fcnk!","og_url":"https:\/\/it-software.hu\/?product=hi-fi-headphones","og_site_name":"IT-software","article_modified_time":"2025-01-28T13:35:12+00:00","og_image":[{"width":1024,"height":683,"url":"https:\/\/it-software.hu\/wp-content\/uploads\/2025\/01\/sysadmin-1024x683.jpg","type":"image\/jpeg"}],"twitter_card":"summary_large_image","twitter_misc":{"Becs\u00fclt olvas\u00e1si id\u0151":"1 perc"},"schema":{"@context":"https:\/\/schema.org","@graph":[{"@type":"WebPage","@id":"https:\/\/it-software.hu\/?product=hi-fi-headphones","url":"https:\/\/it-software.hu\/?product=hi-fi-headphones","name":"Rendszergazdai fel\u00fcgyelet - IT-software","isPartOf":{"@id":"https:\/\/it-software.hu\/#website"},"primaryImageOfPage":{"@id":"https:\/\/it-software.hu\/?product=hi-fi-headphones#primaryimage"},"image":{"@id":"https:\/\/it-software.hu\/?product=hi-fi-headphones#primaryimage"},"thumbnailUrl":"https:\/\/it-software.hu\/wp-content\/uploads\/2025\/01\/sysadmin.jpg","datePublished":"2025-01-16T09:19:00+00:00","dateModified":"2025-01-28T13:35:12+00:00","breadcrumb":{"@id":"https:\/\/it-software.hu\/?product=hi-fi-headphones#breadcrumb"},"inLanguage":"hu","potentialAction":[{"@type":"ReadAction","target":["https:\/\/it-software.hu\/?product=hi-fi-headphones"]}]},{"@type":"ImageObject","inLanguage":"hu","@id":"https:\/\/it-software.hu\/?product=hi-fi-headphones#primaryimage","url":"https:\/\/it-software.hu\/wp-content\/uploads\/2025\/01\/sysadmin.jpg","contentUrl":"https:\/\/it-software.hu\/wp-content\/uploads\/2025\/01\/sysadmin.jpg","width":7690,"height":5129},{"@type":"BreadcrumbList","@id":"https:\/\/it-software.hu\/?product=hi-fi-headphones#breadcrumb","itemListElement":[{"@type":"ListItem","position":1,"name":"Kezd\u0151lap","item":"https:\/\/it-software.hu\/"},{"@type":"ListItem","position":2,"name":"Shop","item":"https:\/\/it-software.hu\/?page_id=6&lang=hu"},{"@type":"ListItem","position":3,"name":"Rendszergazdai fel\u00fcgyelet"}]},{"@type":"WebSite","@id":"https:\/\/it-software.hu\/#website","url":"https:\/\/it-software.hu\/","name":"IT-software","description":"","publisher":{"@id":"https:\/\/it-software.hu\/#organization"},"potentialAction":[{"@type":"SearchAction","target":{"@type":"EntryPoint","urlTemplate":"https:\/\/it-software.hu\/?s={search_term_string}"},"query-input":{"@type":"PropertyValueSpecification","valueRequired":true,"valueName":"search_term_string"}}],"inLanguage":"hu"},{"@type":"Organization","@id":"https:\/\/it-software.hu\/#organization","name":"IT-software","url":"https:\/\/it-software.hu\/","logo":{"@type":"ImageObject","inLanguage":"hu","@id":"https:\/\/it-software.hu\/#\/schema\/logo\/image\/","url":"https:\/\/it-software.hu\/wp-content\/uploads\/2025\/01\/it-softwarehu-high-resolution-logo-transparent-white.png","contentUrl":"https:\/\/it-software.hu\/wp-content\/uploads\/2025\/01\/it-softwarehu-high-resolution-logo-transparent-white.png","width":2000,"height":2000,"caption":"IT-software"},"image":{"@id":"https:\/\/it-software.hu\/#\/schema\/logo\/image\/"}}]}},"jetpack_sharing_enabled":true,"_links":{"self":[{"href":"https:\/\/it-software.hu\/index.php?rest_route=\/wp\/v2\/product\/70","targetHints":{"allow":["GET"]}}],"collection":[{"href":"https:\/\/it-software.hu\/index.php?rest_route=\/wp\/v2\/product"}],"about":[{"href":"https:\/\/it-software.hu\/index.php?rest_route=\/wp\/v2\/types\/product"}],"replies":[{"embeddable":true,"href":"https:\/\/it-software.hu\/index.php?rest_route=%2Fwp%2Fv2%2Fcomments&post=70"}],"wp:featuredmedia":[{"embeddable":true,"href":"https:\/\/it-software.hu\/index.php?rest_route=\/wp\/v2\/media\/151"}],"wp:attachment":[{"href":"https:\/\/it-software.hu\/index.php?rest_route=%2Fwp%2Fv2%2Fmedia&parent=70"}],"wp:term":[{"taxonomy":"product_brand","embeddable":true,"href":"https:\/\/it-software.hu\/index.php?rest_route=%2Fwp%2Fv2%2Fproduct_brand&post=70"},{"taxonomy":"product_cat","embeddable":true,"href":"https:\/\/it-software.hu\/index.php?rest_route=%2Fwp%2Fv2%2Fproduct_cat&post=70"},{"taxonomy":"product_tag","embeddable":true,"href":"https:\/\/it-software.hu\/index.php?rest_route=%2Fwp%2Fv2%2Fproduct_tag&post=70"}],"curies":[{"name":"wp","href":"https:\/\/api.w.org\/{rel}","templated":true}]}}